{"id":444,"date":"2024-04-24T19:44:18","date_gmt":"2024-04-24T19:44:18","guid":{"rendered":"https:\/\/szkoleniahoteli.pl\/?page_id=444"},"modified":"2024-06-12T12:26:14","modified_gmt":"2024-06-12T12:26:14","slug":"marketing-2","status":"publish","type":"page","link":"https:\/\/szkoleniahoteli.pl\/index.php\/szkolenia\/marketing-2\/","title":{"rendered":"Marketing"},"content":{"rendered":"\n<div class=\"wp-block-cover alignfull\" style=\"min-height:2323px;aspect-ratio:unset;\"><span aria-hidden=\"true\" class=\"wp-block-cover__background has-nv-site-bg-background-color has-background-dim-100 has-background-dim\"><\/span><div class=\"wp-block-cover__inner-container is-layout-flow wp-block-cover-is-layout-flow\">\n<div class=\"wp-block-group\"><div class=\"wp-block-group__inner-container is-layout-flow wp-block-group-is-layout-flow\">\n<div class=\"wp-block-columns are-vertically-aligned-center is-layout-flex wp-container-core-columns-is-layout-9d6595d7 wp-block-columns-is-layout-flex\">\n<div class=\"wp-block-column is-vertically-aligned-center is-layout-flow wp-block-column-is-layout-flow\" style=\"flex-basis:70%\">\n<figure class=\"wp-block-image size-full is-resized\"><img fetchpriority=\"high\" decoding=\"async\" width=\"1024\" height=\"1024\" src=\"https:\/\/szkoleniahoteli.pl\/wp-content\/uploads\/2024\/04\/Marketing.webp\" alt=\"\" class=\"wp-image-425\" style=\"width:326px;height:auto\" srcset=\"https:\/\/szkoleniahoteli.pl\/wp-content\/uploads\/2024\/04\/Marketing.webp 1024w, https:\/\/szkoleniahoteli.pl\/wp-content\/uploads\/2024\/04\/Marketing-300x300.webp 300w, https:\/\/szkoleniahoteli.pl\/wp-content\/uploads\/2024\/04\/Marketing-150x150.webp 150w, https:\/\/szkoleniahoteli.pl\/wp-content\/uploads\/2024\/04\/Marketing-768x768.webp 768w\" sizes=\"(max-width: 1024px) 100vw, 1024px\" \/><\/figure>\n\n\n\n<h1 class=\"wp-block-heading has-text-align-left has-neve-text-color-color has-text-color\">Marketing w Hotelu<\/h1>\n\n\n\n<p class=\"has-neve-text-color-color has-text-color\" style=\"font-size:22px\">Agenda szkolenia marketingowego dla hotelarzy:<\/p>\n\n\n\n<p class=\"has-neve-link-hover-color-color has-text-color has-link-color has-large-font-size wp-elements-db5fd78c4b2e130eebe809ed46470ca7\">Wprowadzenie do marketingu w hotelarstwie<\/p>\n\n\n\n<p class=\"has-neve-link-hover-color-color has-text-color has-link-color wp-elements-f0623a8515d9c7b777919ad0699a159d\">Rola marketingu w bran\u017cy hotelarskiej<br>Specyfika marketingu us\u0142ug hotelowych<br>Trendy i wyzwania wsp\u00f3\u0142czesnego marketingu hotelowego<\/p>\n\n\n\n<p class=\"has-neve-link-hover-color-color has-text-color has-link-color has-large-font-size wp-elements-b4c10286e01ce638efa9050e39b2a0b3\">Strategia marketingowa hotelu<\/p>\n\n\n\n<p class=\"has-neve-link-hover-color-color has-text-color has-link-color wp-elements-15409849704deba5b39f6667f723602e\">Analiza rynku i konkurencji<br>Segmentacja rynku i wyb\u00f3r grup docelowych<br>Pozycjonowanie hotelu na rynku<br>Wyznaczanie cel\u00f3w i miernik\u00f3w marketingowych<br>Opracowanie planu marketingowego<\/p>\n\n\n\n<p class=\"has-neve-link-hover-color-color has-text-color has-link-color has-large-font-size wp-elements-db61999572215ef69ee55325a9dc2cdc\">Produkt hotelowy i jego komponenty<\/p>\n\n\n\n<p class=\"has-neve-link-hover-color-color has-text-color has-link-color wp-elements-0d79bf446c9aebaaf1c110233d201ff2\">Kszta\u0142towanie oferty hotelowej<br>Zarz\u0105dzanie mark\u0105 hotelu<br>Tworzenie unikatowej propozycji warto\u015bci (USP)<br>Rozw\u00f3j i innowacje produktowe<br>Scenki rodzajowe: prezentacja oferty hotelowej, wprowadzenie nowej us\u0142ugi<\/p>\n\n\n\n<p class=\"has-neve-link-hover-color-color has-text-color has-link-color has-large-font-size wp-elements-ef60f306b1ff7a0da650e4b85e101bfb\">Cena jako element marketingu-mix<\/p>\n\n\n\n<p class=\"has-neve-link-hover-color-color has-text-color has-link-color wp-elements-659a87ce5391dda191b419281cce72ad\">Strategie cenowe w hotelarstwie<br>Czynniki wp\u0142ywaj\u0105ce na decyzje cenowe<br>Yield management i optymalizacja przychod\u00f3w<br>Promocje i pakiety cenowe<br>Scenki rodzajowe: komunikacja cen, negocjacje cenowe z klientem<\/p>\n\n\n\n<p class=\"has-neve-link-hover-color-color has-text-color has-link-color has-large-font-size wp-elements-23b7370ae8696cf88c10dbf7a7186ec5\">Dystrybucja us\u0142ug hotelowych<\/p>\n\n\n\n<p class=\"has-neve-link-hover-color-color has-text-color has-link-color wp-elements-102ac34c59e4170b3b4d2eed703d098a\">Kana\u0142y dystrybucji w hotelarstwie<br>Sprzeda\u017c bezpo\u015brednia i po\u015brednia<br>Wsp\u00f3\u0142praca z po\u015brednikami (OTA, GDS)<br>Zarz\u0105dzanie kana\u0142ami dystrybucji<br>Scenki rodzajowe: obs\u0142uga rezerwacji, wsp\u00f3\u0142praca z portalami rezerwacyjnymi<\/p>\n\n\n\n<p class=\"has-neve-link-hover-color-color has-text-color has-link-color has-large-font-size wp-elements-9c5657064bd47acc8c68149bae500084\">Promocja i komunikacja marketingowa<\/p>\n\n\n\n<p class=\"has-neve-link-hover-color-color has-text-color has-link-color wp-elements-1a44d77901425c8a353e9cbdb1f6ace2\">Narz\u0119dzia i techniki promocji hotelowej<br>Marketing online i offline<br>Content marketing i social media marketing<br>Public relations i wsp\u00f3\u0142praca z mediami<br>Scenki rodzajowe: przygotowanie kampanii promocyjnej, obs\u0142uga zapyta\u0144 medialnych<\/p>\n\n\n\n<p class=\"has-neve-link-hover-color-color has-text-color has-link-color has-large-font-size wp-elements-692ec904dc6a02eb5337492f4f1a9422\">Marketing do\u015bwiadcze\u0144 i lojalno\u015b\u0107 go\u015bci<\/p>\n\n\n\n<p class=\"has-neve-link-hover-color-color has-text-color has-link-color wp-elements-9cf376b0688579c869a8e3b95fb268b2\">Kreowanie pozytywnych do\u015bwiadcze\u0144 go\u015bci<br>Programy lojalno\u015bciowe w hotelarstwie<br>Pozyskiwanie i wykorzystanie opinii go\u015bci<br>Zarz\u0105dzanie reputacj\u0105 online<br>Scenki rodzajowe: obs\u0142uga go\u015bcia powracaj\u0105cego, reagowanie na opinie online<\/p>\n\n\n\n<p class=\"has-neve-link-hover-color-color has-text-color has-link-color has-large-font-size wp-elements-50fb909a720a49a9896f62c713a16af0\">Pomiar efektywno\u015bci dzia\u0142a\u0144 marketingowych<\/p>\n\n\n\n<p class=\"has-neve-link-hover-color-color has-text-color has-link-color wp-elements-64824eb14f781add43ee89726b50b6bf\">Kluczowe wska\u017aniki efektywno\u015bci (KPI) w marketingu hotelowym<br>Narz\u0119dzia i techniki pomiaru efektywno\u015bci<br>Analiza i interpretacja danych marketingowych<br>Optymalizacja dzia\u0142a\u0144 marketingowych na podstawie wynik\u00f3w<br>Scenki rodzajowe: prezentacja wynik\u00f3w kampanii, propozycje optymalizacji<\/p>\n<\/div>\n\n\n\n<div class=\"wp-block-column is-vertically-aligned-center is-layout-flow wp-block-column-is-layout-flow\" style=\"flex-basis:30%\"><\/div>\n<\/div>\n<\/div><\/div>\n\n\n\n<ul class=\"wp-block-list\">\n<li><\/li>\n<\/ul>\n<\/div><\/div>\n\n\n\n<div class=\"wp-block-cover alignfull\" style=\"min-height:600px;aspect-ratio:unset;\"><span aria-hidden=\"true\" class=\"wp-block-cover__background has-nv-site-bg-background-color has-background-dim-100 has-background-dim\"><\/span><div class=\"wp-block-cover__inner-container is-layout-flow wp-block-cover-is-layout-flow\">\n<div class=\"wp-block-group\"><div class=\"wp-block-group__inner-container is-layout-flow wp-block-group-is-layout-flow\">\n<div style=\"height:80px\" aria-hidden=\"true\" class=\"wp-block-spacer\"><\/div>\n\n\n\n<h2 class=\"wp-block-heading has-neve-text-color-color has-text-color\">Inne szkolenia<\/h2>\n\n\n\n<div style=\"height:20px\" aria-hidden=\"true\" class=\"wp-block-spacer\"><\/div>\n\n\n\n<div class=\"wp-block-columns are-vertically-aligned-center is-layout-flex wp-container-core-columns-is-layout-9d6595d7 wp-block-columns-is-layout-flex\">\n<div class=\"wp-block-column is-vertically-aligned-center is-layout-flow wp-block-column-is-layout-flow\" style=\"flex-basis:50%\">\n<figure class=\"wp-block-image size-full\"><img decoding=\"async\" width=\"1024\" height=\"1024\" src=\"https:\/\/szkoleniahoteli.pl\/wp-content\/uploads\/2024\/04\/sales.webp\" alt=\"\" class=\"wp-image-426\" srcset=\"https:\/\/szkoleniahoteli.pl\/wp-content\/uploads\/2024\/04\/sales.webp 1024w, https:\/\/szkoleniahoteli.pl\/wp-content\/uploads\/2024\/04\/sales-300x300.webp 300w, https:\/\/szkoleniahoteli.pl\/wp-content\/uploads\/2024\/04\/sales-150x150.webp 150w, https:\/\/szkoleniahoteli.pl\/wp-content\/uploads\/2024\/04\/sales-768x768.webp 768w\" sizes=\"(max-width: 1024px) 100vw, 1024px\" \/><\/figure>\n\n\n\n<div class=\"wp-block-buttons is-layout-flex wp-block-buttons-is-layout-flex\">\n<div class=\"wp-block-button\"><a class=\"wp-block-button__link has-neve-link-hover-color-color has-blush-light-purple-gradient-background has-text-color has-background has-link-color wp-element-button\" href=\"https:\/\/szkoleniahoteli.pl\/index.php\/szkolenia\/sprzedaz\/\" target=\"_blank\" rel=\"noreferrer noopener\">Zobacz wi\u0119cej<\/a><\/div>\n<\/div>\n\n\n\n<div style=\"height:40px\" aria-hidden=\"true\" class=\"wp-block-spacer\"><\/div>\n<\/div>\n\n\n\n<div class=\"wp-block-column is-vertically-aligned-center is-layout-flow wp-block-column-is-layout-flow\" style=\"flex-basis:50%\">\n<figure class=\"wp-block-image size-full\"><img decoding=\"async\" width=\"1024\" height=\"1024\" src=\"https:\/\/szkoleniahoteli.pl\/wp-content\/uploads\/2024\/04\/revenue-man.webp\" alt=\"\" class=\"wp-image-427\" srcset=\"https:\/\/szkoleniahoteli.pl\/wp-content\/uploads\/2024\/04\/revenue-man.webp 1024w, https:\/\/szkoleniahoteli.pl\/wp-content\/uploads\/2024\/04\/revenue-man-300x300.webp 300w, https:\/\/szkoleniahoteli.pl\/wp-content\/uploads\/2024\/04\/revenue-man-150x150.webp 150w, https:\/\/szkoleniahoteli.pl\/wp-content\/uploads\/2024\/04\/revenue-man-768x768.webp 768w\" sizes=\"(max-width: 1024px) 100vw, 1024px\" \/><\/figure>\n\n\n\n<div class=\"wp-block-buttons is-layout-flex wp-block-buttons-is-layout-flex\">\n<div class=\"wp-block-button\"><a class=\"wp-block-button__link has-neve-link-hover-color-color has-blush-light-purple-gradient-background has-text-color has-background has-link-color wp-element-button\" href=\"https:\/\/szkoleniahoteli.pl\/index.php\/szkolenia\/revenue-management\/\" target=\"_blank\" rel=\"noreferrer noopener\">Zobacz wi\u0119cej<\/a><\/div>\n<\/div>\n\n\n\n<div style=\"height:40px\" aria-hidden=\"true\" class=\"wp-block-spacer\"><\/div>\n<\/div>\n<\/div>\n\n\n\n<div style=\"height:40px\" aria-hidden=\"true\" class=\"wp-block-spacer\"><\/div>\n<\/div><\/div>\n<\/div><\/div>\n","protected":false},"excerpt":{"rendered":"","protected":false},"author":1,"featured_media":0,"parent":69,"menu_order":-2,"comment_status":"closed","ping_status":"closed","template":"","meta":{"neve_meta_sidebar":"default","neve_meta_container":"","neve_meta_enable_content_width":"on","neve_meta_content_width":100,"neve_meta_title_alignment":"","neve_meta_author_avatar":"","neve_post_elements_order":"","neve_meta_disable_header":"","neve_meta_disable_footer":"","neve_meta_disable_title":"on","_themeisle_gutenberg_block_has_review":false,"footnotes":""},"class_list":["post-444","page","type-page","status-publish","hentry"],"_links":{"self":[{"href":"https:\/\/szkoleniahoteli.pl\/index.php\/wp-json\/wp\/v2\/pages\/444","targetHints":{"allow":["GET"]}}],"collection":[{"href":"https:\/\/szkoleniahoteli.pl\/index.php\/wp-json\/wp\/v2\/pages"}],"about":[{"href":"https:\/\/szkoleniahoteli.pl\/index.php\/wp-json\/wp\/v2\/types\/page"}],"author":[{"embeddable":true,"href":"https:\/\/szkoleniahoteli.pl\/index.php\/wp-json\/wp\/v2\/users\/1"}],"replies":[{"embeddable":true,"href":"https:\/\/szkoleniahoteli.pl\/index.php\/wp-json\/wp\/v2\/comments?post=444"}],"version-history":[{"count":4,"href":"https:\/\/szkoleniahoteli.pl\/index.php\/wp-json\/wp\/v2\/pages\/444\/revisions"}],"predecessor-version":[{"id":515,"href":"https:\/\/szkoleniahoteli.pl\/index.php\/wp-json\/wp\/v2\/pages\/444\/revisions\/515"}],"up":[{"embeddable":true,"href":"https:\/\/szkoleniahoteli.pl\/index.php\/wp-json\/wp\/v2\/pages\/69"}],"wp:attachment":[{"href":"https:\/\/szkoleniahoteli.pl\/index.php\/wp-json\/wp\/v2\/media?parent=444"}],"curies":[{"name":"wp","href":"https:\/\/api.w.org\/{rel}","templated":true}]}}