{"id":451,"date":"2024-04-24T19:58:48","date_gmt":"2024-04-24T19:58:48","guid":{"rendered":"https:\/\/szkoleniahoteli.pl\/?page_id=451"},"modified":"2024-06-12T12:28:05","modified_gmt":"2024-06-12T12:28:05","slug":"revenue-management","status":"publish","type":"page","link":"https:\/\/szkoleniahoteli.pl\/index.php\/szkolenia\/revenue-management\/","title":{"rendered":"Revenue Management"},"content":{"rendered":"\n<div class=\"wp-block-cover alignfull\" style=\"min-height:2323px;aspect-ratio:unset;\"><span aria-hidden=\"true\" class=\"wp-block-cover__background has-nv-site-bg-background-color has-background-dim-100 has-background-dim\"><\/span><div class=\"wp-block-cover__inner-container is-layout-flow wp-block-cover-is-layout-flow\">\n<div class=\"wp-block-group\"><div class=\"wp-block-group__inner-container is-layout-flow wp-block-group-is-layout-flow\">\n<div class=\"wp-block-columns are-vertically-aligned-center is-layout-flex wp-container-core-columns-is-layout-9d6595d7 wp-block-columns-is-layout-flex\">\n<div class=\"wp-block-column is-vertically-aligned-center is-layout-flow wp-block-column-is-layout-flow\" style=\"flex-basis:70%\">\n<figure class=\"wp-block-image size-full is-resized\"><img fetchpriority=\"high\" decoding=\"async\" width=\"1024\" height=\"1024\" src=\"https:\/\/szkoleniahoteli.pl\/wp-content\/uploads\/2024\/04\/revenue-man.webp\" alt=\"\" class=\"wp-image-427\" style=\"width:326px;height:auto\" srcset=\"https:\/\/szkoleniahoteli.pl\/wp-content\/uploads\/2024\/04\/revenue-man.webp 1024w, https:\/\/szkoleniahoteli.pl\/wp-content\/uploads\/2024\/04\/revenue-man-300x300.webp 300w, https:\/\/szkoleniahoteli.pl\/wp-content\/uploads\/2024\/04\/revenue-man-150x150.webp 150w, https:\/\/szkoleniahoteli.pl\/wp-content\/uploads\/2024\/04\/revenue-man-768x768.webp 768w\" sizes=\"(max-width: 1024px) 100vw, 1024px\" \/><\/figure>\n\n\n\n<h1 class=\"wp-block-heading has-text-align-left has-neve-text-color-color has-text-color\">Revenue Management w Hotelu<\/h1>\n\n\n\n<p class=\"has-neve-text-color-color has-text-color\" style=\"font-size:22px\">Agenda szkolenia marketingowego dla hotelarzy:<\/p>\n\n\n\n<p class=\"has-neve-link-hover-color-color has-text-color has-link-color has-large-font-size wp-elements-a4baa6c2067c21eb2b7939c676fa71a6\">Wprowadzenie do Revenue Management<\/p>\n\n\n\n<p class=\"has-neve-link-hover-color-color has-text-color has-link-color wp-elements-c5e381fb3786a4c96fdf395208177dc3\">Definicja i znaczenie Revenue Management w hotelarstwie<br>Kluczowe koncepcje i terminologia Revenue Management<br>Wp\u0142yw Revenue Management na wyniki finansowe hotelu<\/p>\n\n\n\n<p class=\"has-neve-link-hover-color-color has-text-color has-link-color has-large-font-size wp-elements-b13a7514a35ed04b6277ce0e58d05560\">Podstawy analizy danych w Revenue Management<\/p>\n\n\n\n<p class=\"has-neve-link-hover-color-color has-text-color has-link-color wp-elements-93f114ca294dc0c20421b7c9682b9dc0\">\u0179r\u00f3d\u0142a danych i kluczowe wska\u017aniki wydajno\u015bci (KPI)<br>Analiza historycznych danych sprzeda\u017cowych<br>Segmentacja rynku i analiza zachowa\u0144 go\u015bci<br>Prognozowanie popytu i ob\u0142o\u017cenia<br>Praktyka w oparciu o excel \/ google sheets<\/p>\n\n\n\n<p class=\"has-neve-link-hover-color-color has-text-color has-link-color has-large-font-size wp-elements-ee8b7cef77949514774a6288b0e8d4c5\">Zarz\u0105dzanie cenami i optymalizacja przychod\u00f3w<\/p>\n\n\n\n<p class=\"has-neve-link-hover-color-color has-text-color has-link-color wp-elements-b5f92afe95dd8744b0846a9330b31e23\">Strategie cenowe w Revenue Management<br>Dynamiczne zarz\u0105dzanie cenami (Dynamic Pricing)<br>Zarz\u0105dzanie restrykcjami cenowymi i dost\u0119pno\u015bci\u0105<br>Optymalizacja przychod\u00f3w przez segmentacj\u0119 cenow\u0105<br>Praktyka w oparciu o excel \/ google sheets<\/p>\n\n\n\n<p class=\"has-neve-link-hover-color-color has-text-color has-link-color has-large-font-size wp-elements-eb78147230b5a5aa335efeecd29a54fe\">Zarz\u0105dzanie kana\u0142ami dystrybucji<\/p>\n\n\n\n<p class=\"has-neve-link-hover-color-color has-text-color has-link-color wp-elements-4f51421a6d31eef1d722bc98383c3862\">Rola i znaczenie kana\u0142\u00f3w dystrybucji w Revenue Management<br>Optymalizacja dystrybucji w kana\u0142ach bezpo\u015brednich i po\u015brednich<br>Zarz\u0105dzanie dost\u0119pno\u015bci\u0105 i przydzia\u0142em pokoi w r\u00f3\u017cnych kana\u0142ach<br>Wsp\u00f3\u0142praca z OTA (Online Travel Agencies) i innymi partnerami dystrybucyjnymi<\/p>\n\n\n\n<p class=\"has-neve-link-hover-color-color has-text-color has-link-color has-large-font-size wp-elements-3d2230ac033ed77be66d344245477c31\">Zarz\u0105dzanie zyskowno\u015bci\u0105 segment\u00f3w rynku<\/p>\n\n\n\n<p class=\"has-neve-link-hover-color-color has-text-color has-link-color wp-elements-69cb18e6eab52127f1a4c2d994ffe50d\">Identyfikacja i analiza kluczowych segment\u00f3w rynku<br>Ocena zyskowno\u015bci segment\u00f3w i dostosowanie strategii cenowych<br>Zarz\u0105dzanie kontraktami i umowami z klientami korporacyjnymi i grupowymi<br>Optymalizacja przychod\u00f3w przez zarz\u0105dzanie d\u0142ugo\u015bci\u0105 pobytu (Length of Stay)<br>Prognozowanie i optymalizacja wykorzystania pokoi<\/p>\n\n\n\n<p class=\"has-neve-link-hover-color-color has-text-color has-link-color has-large-font-size wp-elements-f8f204ccd3620174f2db026b55fd21c4\">Techniki prognozowania popytu i ob\u0142o\u017cenia<\/p>\n\n\n\n<p class=\"has-neve-link-hover-color-color has-text-color has-link-color has-medium-font-size wp-elements-4666b1e946b185183ef7058ec98aedad\"><br>Optymalizacja wykorzystania pokoi poprzez overselling i upselling<br>Zarz\u0105dzanie pokojami niedost\u0119pnymi (out-of-order) i pokojami serwisowymi<br>Wsp\u00f3\u0142praca Revenue Management z dzia\u0142em sprzeda\u017cy i recepcj\u0105<br>Scenki rodzajowe: ustalanie poziom\u00f3w oversellingu, wsp\u00f3\u0142praca przy upsellingu<\/p>\n\n\n\n<p class=\"has-neve-link-hover-color-color has-text-color has-link-color has-large-font-size wp-elements-cbb7b140ddeb7ae3f2adaf73a566eba6\">Technologie i narz\u0119dzia Revenue Management<\/p>\n\n\n\n<p class=\"has-neve-link-hover-color-color has-text-color has-link-color wp-elements-979e9da2a48fc04b75687fec36428b1f\">Systemy Revenue Management (RMS) i ich zastosowanie<br>Narz\u0119dzia Business Intelligence i analityka danych<br>Automatyzacja proces\u00f3w Revenue Management<br>Integracja system\u00f3w Revenue Management z innymi systemami hotelow ymi<br>Wdra\u017canie strategii Revenue Management<\/p>\n\n\n\n<p class=\"has-neve-link-hover-color-color has-text-color has-link-color wp-elements-3a6ea4a9fcb181b2a53dbaa1313ff696\">Opracowanie i wdro\u017cenie strategii Revenue Management<br>Kluczowe czynniki sukcesu we wdra\u017caniu Revenue Management<br>Mierzenie efektywno\u015bci i optymalizacja strategii Revenue Management<br>Budowanie kultury Revenue Management w organizacji<\/p>\n<\/div>\n\n\n\n<div class=\"wp-block-column is-vertically-aligned-center is-layout-flow wp-block-column-is-layout-flow\" style=\"flex-basis:30%\"><\/div>\n<\/div>\n<\/div><\/div>\n\n\n\n<ul class=\"wp-block-list\">\n<li><\/li>\n<\/ul>\n<\/div><\/div>\n\n\n\n<div class=\"wp-block-cover alignfull\" style=\"min-height:600px;aspect-ratio:unset;\"><span aria-hidden=\"true\" class=\"wp-block-cover__background has-nv-site-bg-background-color has-background-dim-100 has-background-dim\"><\/span><div class=\"wp-block-cover__inner-container is-layout-flow wp-block-cover-is-layout-flow\">\n<div class=\"wp-block-group\"><div class=\"wp-block-group__inner-container is-layout-flow wp-block-group-is-layout-flow\">\n<div style=\"height:80px\" aria-hidden=\"true\" class=\"wp-block-spacer\"><\/div>\n\n\n\n<h2 class=\"wp-block-heading has-neve-text-color-color has-text-color\">Inne szkolenia<\/h2>\n\n\n\n<div style=\"height:20px\" aria-hidden=\"true\" class=\"wp-block-spacer\"><\/div>\n\n\n\n<div class=\"wp-block-columns are-vertically-aligned-center is-layout-flex wp-container-core-columns-is-layout-9d6595d7 wp-block-columns-is-layout-flex\">\n<div class=\"wp-block-column is-vertically-aligned-center is-layout-flow wp-block-column-is-layout-flow\" style=\"flex-basis:50%\">\n<figure class=\"wp-block-image size-full\"><img decoding=\"async\" width=\"1024\" height=\"1024\" src=\"https:\/\/szkoleniahoteli.pl\/wp-content\/uploads\/2024\/04\/sales.webp\" alt=\"\" class=\"wp-image-426\" srcset=\"https:\/\/szkoleniahoteli.pl\/wp-content\/uploads\/2024\/04\/sales.webp 1024w, https:\/\/szkoleniahoteli.pl\/wp-content\/uploads\/2024\/04\/sales-300x300.webp 300w, https:\/\/szkoleniahoteli.pl\/wp-content\/uploads\/2024\/04\/sales-150x150.webp 150w, https:\/\/szkoleniahoteli.pl\/wp-content\/uploads\/2024\/04\/sales-768x768.webp 768w\" sizes=\"(max-width: 1024px) 100vw, 1024px\" \/><\/figure>\n\n\n\n<div class=\"wp-block-buttons is-layout-flex wp-block-buttons-is-layout-flex\">\n<div class=\"wp-block-button\"><a class=\"wp-block-button__link has-neve-link-hover-color-color has-blush-light-purple-gradient-background has-text-color has-background has-link-color wp-element-button\" href=\"https:\/\/szkoleniahoteli.pl\/index.php\/szkolenia\/sprzedaz\/\" target=\"_blank\" rel=\"noreferrer noopener\">Zobacz wi\u0119cej<\/a><\/div>\n<\/div>\n\n\n\n<div style=\"height:40px\" aria-hidden=\"true\" class=\"wp-block-spacer\"><\/div>\n<\/div>\n\n\n\n<div class=\"wp-block-column is-vertically-aligned-center is-layout-flow wp-block-column-is-layout-flow\" style=\"flex-basis:50%\">\n<figure class=\"wp-block-image size-full\"><img decoding=\"async\" width=\"1024\" height=\"1024\" src=\"https:\/\/szkoleniahoteli.pl\/wp-content\/uploads\/2024\/04\/Marketing.webp\" alt=\"\" class=\"wp-image-425\" srcset=\"https:\/\/szkoleniahoteli.pl\/wp-content\/uploads\/2024\/04\/Marketing.webp 1024w, https:\/\/szkoleniahoteli.pl\/wp-content\/uploads\/2024\/04\/Marketing-300x300.webp 300w, https:\/\/szkoleniahoteli.pl\/wp-content\/uploads\/2024\/04\/Marketing-150x150.webp 150w, https:\/\/szkoleniahoteli.pl\/wp-content\/uploads\/2024\/04\/Marketing-768x768.webp 768w\" sizes=\"(max-width: 1024px) 100vw, 1024px\" \/><\/figure>\n\n\n\n<div class=\"wp-block-buttons is-layout-flex wp-block-buttons-is-layout-flex\">\n<div class=\"wp-block-button\"><a class=\"wp-block-button__link has-neve-link-hover-color-color has-blush-light-purple-gradient-background has-text-color has-background has-link-color wp-element-button\" href=\"https:\/\/szkoleniahoteli.pl\/index.php\/szkolenia\/marketing-2\/\" target=\"_blank\" rel=\"noreferrer noopener\">Zobacz wi\u0119cej<\/a><\/div>\n<\/div>\n\n\n\n<div style=\"height:40px\" aria-hidden=\"true\" class=\"wp-block-spacer\"><\/div>\n<\/div>\n<\/div>\n\n\n\n<div style=\"height:40px\" aria-hidden=\"true\" class=\"wp-block-spacer\"><\/div>\n<\/div><\/div>\n<\/div><\/div>\n","protected":false},"excerpt":{"rendered":"","protected":false},"author":1,"featured_media":0,"parent":69,"menu_order":-2,"comment_status":"closed","ping_status":"closed","template":"","meta":{"neve_meta_sidebar":"default","neve_meta_container":"","neve_meta_enable_content_width":"on","neve_meta_content_width":100,"neve_meta_title_alignment":"","neve_meta_author_avatar":"","neve_post_elements_order":"","neve_meta_disable_header":"","neve_meta_disable_footer":"","neve_meta_disable_title":"on","_themeisle_gutenberg_block_has_review":false,"footnotes":""},"class_list":["post-451","page","type-page","status-publish","hentry"],"_links":{"self":[{"href":"https:\/\/szkoleniahoteli.pl\/index.php\/wp-json\/wp\/v2\/pages\/451","targetHints":{"allow":["GET"]}}],"collection":[{"href":"https:\/\/szkoleniahoteli.pl\/index.php\/wp-json\/wp\/v2\/pages"}],"about":[{"href":"https:\/\/szkoleniahoteli.pl\/index.php\/wp-json\/wp\/v2\/types\/page"}],"author":[{"embeddable":true,"href":"https:\/\/szkoleniahoteli.pl\/index.php\/wp-json\/wp\/v2\/users\/1"}],"replies":[{"embeddable":true,"href":"https:\/\/szkoleniahoteli.pl\/index.php\/wp-json\/wp\/v2\/comments?post=451"}],"version-history":[{"count":3,"href":"https:\/\/szkoleniahoteli.pl\/index.php\/wp-json\/wp\/v2\/pages\/451\/revisions"}],"predecessor-version":[{"id":517,"href":"https:\/\/szkoleniahoteli.pl\/index.php\/wp-json\/wp\/v2\/pages\/451\/revisions\/517"}],"up":[{"embeddable":true,"href":"https:\/\/szkoleniahoteli.pl\/index.php\/wp-json\/wp\/v2\/pages\/69"}],"wp:attachment":[{"href":"https:\/\/szkoleniahoteli.pl\/index.php\/wp-json\/wp\/v2\/media?parent=451"}],"curies":[{"name":"wp","href":"https:\/\/api.w.org\/{rel}","templated":true}]}}