{"id":496,"date":"2024-04-27T09:00:19","date_gmt":"2024-04-27T09:00:19","guid":{"rendered":"https:\/\/szkoleniahoteli.pl\/?page_id=496"},"modified":"2024-04-27T09:44:54","modified_gmt":"2024-04-27T09:44:54","slug":"biblioteka","status":"publish","type":"page","link":"https:\/\/szkoleniahoteli.pl\/index.php\/biblioteka\/","title":{"rendered":"Biblioteka"},"content":{"rendered":"<div class=\"wp-block-themeisle-blocks-posts-grid\" id=\"wp-block-themeisle-blocks-posts-grid-46d1d724\"><div class=\"is-grid o-posts-grid-columns-3\"><div class=\"o-posts-grid-post-blog o-posts-grid-post-plain\"><div class=\"o-posts-grid-post\"><div class=\"o-posts-grid-post-image\"><a href=\"https:\/\/szkoleniahoteli.pl\/index.php\/2024\/04\/22\/hello-world\/\"><img fetchpriority=\"high\" decoding=\"async\" width=\"1792\" height=\"1024\" src=\"https:\/\/szkoleniahoteli.pl\/wp-content\/uploads\/2024\/04\/knowhow.webp\" class=\"attachment-full size-full\" alt=\"Hotelowe Know-How\" srcset=\"https:\/\/szkoleniahoteli.pl\/wp-content\/uploads\/2024\/04\/knowhow.webp 1792w, https:\/\/szkoleniahoteli.pl\/wp-content\/uploads\/2024\/04\/knowhow-300x171.webp 300w, https:\/\/szkoleniahoteli.pl\/wp-content\/uploads\/2024\/04\/knowhow-1024x585.webp 1024w, https:\/\/szkoleniahoteli.pl\/wp-content\/uploads\/2024\/04\/knowhow-768x439.webp 768w, https:\/\/szkoleniahoteli.pl\/wp-content\/uploads\/2024\/04\/knowhow-1536x878.webp 1536w\" sizes=\"(max-width: 1792px) 100vw, 1792px\" \/><\/a><\/div><div class=\"o-posts-grid-post-body\"><span class=\"o-posts-grid-post-category\"><a href=\"https:\/\/szkoleniahoteli.pl\/index.php\/category\/obsluga-klienta\/\">Obs\u0142uga Klienta<\/a><\/span><h4 class=\"o-posts-grid-post-title\"><a href=\"https:\/\/szkoleniahoteli.pl\/index.php\/2024\/04\/22\/hello-world\/\">Hotelowe Know-How<\/a><\/h4><p class=\"o-posts-grid-post-meta\">Opublikowano w <time datetime=\"2024-04-22T19:31:39+00:00\">22 kwietnia, 2024<\/time> autorstwa <a href=\"https:\/\/szkoleniahoteli.pl\/index.php\/author\/admin_ccrwkonn\/\">admin<\/a><\/p><div class=\"o-posts-grid-post-description\"><p>Witaj w naszym banku wiedzy o Hotelu.<\/p><\/div><\/div><\/div><\/div><div class=\"o-posts-grid-post-blog o-posts-grid-post-plain\"><div class=\"o-posts-grid-post\"><div class=\"o-posts-grid-post-image\"><a href=\"https:\/\/szkoleniahoteli.pl\/index.php\/2021\/11\/02\/what-is-the-progressive-web-app-pwa-and-how-it-works\/\"><img decoding=\"async\" width=\"1792\" height=\"1024\" src=\"https:\/\/szkoleniahoteli.pl\/wp-content\/uploads\/2021\/11\/personalisation.webp\" class=\"attachment-full size-full\" alt=\"Personalizacja obs\u0142ugi go\u015bcia: Klucz do lojalno\u015bci i powt\u00f3rnych rezerwacji\" srcset=\"https:\/\/szkoleniahoteli.pl\/wp-content\/uploads\/2021\/11\/personalisation.webp 1792w, https:\/\/szkoleniahoteli.pl\/wp-content\/uploads\/2021\/11\/personalisation-300x171.webp 300w, https:\/\/szkoleniahoteli.pl\/wp-content\/uploads\/2021\/11\/personalisation-1024x585.webp 1024w, https:\/\/szkoleniahoteli.pl\/wp-content\/uploads\/2021\/11\/personalisation-768x439.webp 768w, https:\/\/szkoleniahoteli.pl\/wp-content\/uploads\/2021\/11\/personalisation-1536x878.webp 1536w\" sizes=\"(max-width: 1792px) 100vw, 1792px\" \/><\/a><\/div><div class=\"o-posts-grid-post-body\"><span class=\"o-posts-grid-post-category\"><a href=\"https:\/\/szkoleniahoteli.pl\/index.php\/category\/uncategorized\/\">Uncategorized<\/a><\/span><h4 class=\"o-posts-grid-post-title\"><a href=\"https:\/\/szkoleniahoteli.pl\/index.php\/2021\/11\/02\/what-is-the-progressive-web-app-pwa-and-how-it-works\/\">Personalizacja obs\u0142ugi go\u015bcia: Klucz do lojalno\u015bci i powt\u00f3rnych rezerwacji<\/a><\/h4><p class=\"o-posts-grid-post-meta\">Opublikowano w <time datetime=\"2021-11-02T15:00:07+00:00\">2 listopada, 2021<\/time> autorstwa <a href=\"https:\/\/szkoleniahoteli.pl\/index.php\/author\/admin_ccrwkonn\/\">admin<\/a><\/p><div class=\"o-posts-grid-post-description\"><p>Wprowadzenie W bran\u017cy hotelarskiej, gdzie konkurencja jest coraz silniejsza, a go\u015bcie staj\u0105 si\u0119 bard\u2026<\/p><\/div><\/div><\/div><\/div><div class=\"o-posts-grid-post-blog o-posts-grid-post-plain\"><div class=\"o-posts-grid-post\"><div class=\"o-posts-grid-post-image\"><a href=\"https:\/\/szkoleniahoteli.pl\/index.php\/2021\/11\/02\/knowing-your-user-the-importance-of-user-research\/\"><img decoding=\"async\" width=\"1792\" height=\"1024\" src=\"https:\/\/szkoleniahoteli.pl\/wp-content\/uploads\/2021\/11\/dynamic-pricing.webp\" class=\"attachment-full size-full\" alt=\"Optymalizacja stawek i zarz\u0105dzanie przychodami w dobie dynamicznego rynku\" srcset=\"https:\/\/szkoleniahoteli.pl\/wp-content\/uploads\/2021\/11\/dynamic-pricing.webp 1792w, https:\/\/szkoleniahoteli.pl\/wp-content\/uploads\/2021\/11\/dynamic-pricing-300x171.webp 300w, https:\/\/szkoleniahoteli.pl\/wp-content\/uploads\/2021\/11\/dynamic-pricing-1024x585.webp 1024w, https:\/\/szkoleniahoteli.pl\/wp-content\/uploads\/2021\/11\/dynamic-pricing-768x439.webp 768w, https:\/\/szkoleniahoteli.pl\/wp-content\/uploads\/2021\/11\/dynamic-pricing-1536x878.webp 1536w\" sizes=\"(max-width: 1792px) 100vw, 1792px\" \/><\/a><\/div><div class=\"o-posts-grid-post-body\"><span class=\"o-posts-grid-post-category\"><a href=\"https:\/\/szkoleniahoteli.pl\/index.php\/category\/uncategorized\/\">Uncategorized<\/a><\/span><h4 class=\"o-posts-grid-post-title\"><a href=\"https:\/\/szkoleniahoteli.pl\/index.php\/2021\/11\/02\/knowing-your-user-the-importance-of-user-research\/\">Optymalizacja stawek i zarz\u0105dzanie przychodami w dobie dynamicznego rynku<\/a><\/h4><p class=\"o-posts-grid-post-meta\">Opublikowano w <time datetime=\"2021-11-02T14:58:19+00:00\">2 listopada, 2021<\/time> autorstwa <a href=\"https:\/\/szkoleniahoteli.pl\/index.php\/author\/admin_ccrwkonn\/\">admin<\/a><\/p><div class=\"o-posts-grid-post-description\"><p>Wprowadzenie: W dynamicznie zmieniaj\u0105cym si\u0119 krajobrazie bran\u017cy hotelarskiej, gdzie popyt podlega ci\u2026<\/p><\/div><\/div><\/div><\/div><div class=\"o-posts-grid-post-blog o-posts-grid-post-plain\"><div class=\"o-posts-grid-post\"><div class=\"o-posts-grid-post-image\"><a href=\"https:\/\/szkoleniahoteli.pl\/index.php\/2021\/11\/02\/best-calligraphy-fonts-for-logos\/\"><img loading=\"lazy\" decoding=\"async\" width=\"1792\" height=\"1024\" src=\"https:\/\/szkoleniahoteli.pl\/wp-content\/uploads\/2021\/11\/content-mareting.webp\" class=\"attachment-full size-full\" alt=\"Si\u0142a marketingu tre\u015bci w przyci\u0105ganiu go\u015bci do Twojego hotelu\" srcset=\"https:\/\/szkoleniahoteli.pl\/wp-content\/uploads\/2021\/11\/content-mareting.webp 1792w, https:\/\/szkoleniahoteli.pl\/wp-content\/uploads\/2021\/11\/content-mareting-300x171.webp 300w, https:\/\/szkoleniahoteli.pl\/wp-content\/uploads\/2021\/11\/content-mareting-1024x585.webp 1024w, https:\/\/szkoleniahoteli.pl\/wp-content\/uploads\/2021\/11\/content-mareting-768x439.webp 768w, https:\/\/szkoleniahoteli.pl\/wp-content\/uploads\/2021\/11\/content-mareting-1536x878.webp 1536w\" sizes=\"(max-width: 1792px) 100vw, 1792px\" \/><\/a><\/div><div class=\"o-posts-grid-post-body\"><span class=\"o-posts-grid-post-category\"><a href=\"https:\/\/szkoleniahoteli.pl\/index.php\/category\/uncategorized\/\">Uncategorized<\/a><\/span><h4 class=\"o-posts-grid-post-title\"><a href=\"https:\/\/szkoleniahoteli.pl\/index.php\/2021\/11\/02\/best-calligraphy-fonts-for-logos\/\">Si\u0142a marketingu tre\u015bci w przyci\u0105ganiu go\u015bci do Twojego hotelu<\/a><\/h4><p class=\"o-posts-grid-post-meta\">Opublikowano w <time datetime=\"2021-11-02T14:50:10+00:00\">2 listopada, 2021<\/time> autorstwa <a href=\"https:\/\/szkoleniahoteli.pl\/index.php\/author\/admin_ccrwkonn\/\">admin<\/a><\/p><div class=\"o-posts-grid-post-description\"><p>Wprowadzenie: W erze cyfrowej, gdzie potencjalni go\u015bcie s\u0105 nieustannie bombardowani reklamami i ofer\u2026<\/p><\/div><\/div><\/div><\/div><div class=\"o-posts-grid-post-blog o-posts-grid-post-plain\"><div class=\"o-posts-grid-post\"><div class=\"o-posts-grid-post-image\"><a href=\"https:\/\/szkoleniahoteli.pl\/index.php\/2020\/01\/13\/a-simple-guide-to-design-thinking\/\"><img loading=\"lazy\" decoding=\"async\" width=\"1792\" height=\"1024\" src=\"https:\/\/szkoleniahoteli.pl\/wp-content\/uploads\/2020\/01\/difficult-guest.webp\" class=\"attachment-full size-full\" alt=\"Sztuka obs\u0142ugi trudnego klienta: Jak przeku\u0107 reklamacje w szanse\" srcset=\"https:\/\/szkoleniahoteli.pl\/wp-content\/uploads\/2020\/01\/difficult-guest.webp 1792w, https:\/\/szkoleniahoteli.pl\/wp-content\/uploads\/2020\/01\/difficult-guest-300x171.webp 300w, https:\/\/szkoleniahoteli.pl\/wp-content\/uploads\/2020\/01\/difficult-guest-1024x585.webp 1024w, https:\/\/szkoleniahoteli.pl\/wp-content\/uploads\/2020\/01\/difficult-guest-768x439.webp 768w, https:\/\/szkoleniahoteli.pl\/wp-content\/uploads\/2020\/01\/difficult-guest-1536x878.webp 1536w\" sizes=\"(max-width: 1792px) 100vw, 1792px\" \/><\/a><\/div><div class=\"o-posts-grid-post-body\"><span class=\"o-posts-grid-post-category\"><a href=\"https:\/\/szkoleniahoteli.pl\/index.php\/category\/uncategorized\/\">Uncategorized<\/a><\/span><h4 class=\"o-posts-grid-post-title\"><a href=\"https:\/\/szkoleniahoteli.pl\/index.php\/2020\/01\/13\/a-simple-guide-to-design-thinking\/\">Sztuka obs\u0142ugi trudnego klienta: Jak przeku\u0107 reklamacje w szanse<\/a><\/h4><p class=\"o-posts-grid-post-meta\">Opublikowano w <time datetime=\"2020-01-13T11:22:38+00:00\">13 stycznia, 2020<\/time> autorstwa <a href=\"https:\/\/szkoleniahoteli.pl\/index.php\/author\/admin_ccrwkonn\/\">admin<\/a><\/p><div class=\"o-posts-grid-post-description\"><p>Wprowadzenie: Obs\u0142uga klienta to fundament bran\u017cy hotelarskiej. To w\u0142a\u015bnie te interakcje, te chwile \u2026<\/p><\/div><\/div><\/div><\/div><div class=\"o-posts-grid-post-blog o-posts-grid-post-plain\"><div class=\"o-posts-grid-post\"><div class=\"o-posts-grid-post-image\"><a href=\"https:\/\/szkoleniahoteli.pl\/index.php\/2020\/01\/13\/web-design-trends-for-2022\/\"><img loading=\"lazy\" decoding=\"async\" width=\"1792\" height=\"1024\" src=\"https:\/\/szkoleniahoteli.pl\/wp-content\/uploads\/2020\/01\/up-cross-sell.webp\" class=\"attachment-full size-full\" alt=\"Zwi\u0119kszanie przychod\u00f3w hotelu dzi\u0119ki sprytnym technikom up-sellingu i cross-sellingu\" srcset=\"https:\/\/szkoleniahoteli.pl\/wp-content\/uploads\/2020\/01\/up-cross-sell.webp 1792w, https:\/\/szkoleniahoteli.pl\/wp-content\/uploads\/2020\/01\/up-cross-sell-300x171.webp 300w, https:\/\/szkoleniahoteli.pl\/wp-content\/uploads\/2020\/01\/up-cross-sell-1024x585.webp 1024w, https:\/\/szkoleniahoteli.pl\/wp-content\/uploads\/2020\/01\/up-cross-sell-768x439.webp 768w, https:\/\/szkoleniahoteli.pl\/wp-content\/uploads\/2020\/01\/up-cross-sell-1536x878.webp 1536w\" sizes=\"(max-width: 1792px) 100vw, 1792px\" \/><\/a><\/div><div class=\"o-posts-grid-post-body\"><span class=\"o-posts-grid-post-category\"><a href=\"https:\/\/szkoleniahoteli.pl\/index.php\/category\/uncategorized\/\">Uncategorized<\/a><\/span><h4 class=\"o-posts-grid-post-title\"><a href=\"https:\/\/szkoleniahoteli.pl\/index.php\/2020\/01\/13\/web-design-trends-for-2022\/\">Zwi\u0119kszanie przychod\u00f3w hotelu dzi\u0119ki sprytnym technikom up-sellingu i cross-sellingu<\/a><\/h4><p class=\"o-posts-grid-post-meta\">Opublikowano w <time datetime=\"2020-01-13T11:22:22+00:00\">13 stycznia, 2020<\/time> autorstwa <a href=\"https:\/\/szkoleniahoteli.pl\/index.php\/author\/admin_ccrwkonn\/\">admin<\/a><\/p><div class=\"o-posts-grid-post-description\"><p>Wprowadzenie: W \u015bwiecie hotelarstwa, gdzie konkurencja jest zaci\u0119ta, a mar\u017ce cz\u0119sto niskie, maksymal\u2026<\/p><\/div><\/div><\/div><\/div><\/div> <\/div>\n\n\n<div style=\"height:100px\" aria-hidden=\"true\" class=\"wp-block-spacer\"><\/div>\n\n\n\n<div class=\"wp-block-media-text is-stacked-on-mobile\" style=\"grid-template-columns:24% auto\"><figure class=\"wp-block-media-text__media\"><img loading=\"lazy\" decoding=\"async\" width=\"661\" height=\"1024\" src=\"https:\/\/szkoleniahoteli.pl\/wp-content\/uploads\/2024\/04\/Motywacja-661x1024.png\" alt=\"\" class=\"wp-image-491 size-full\" srcset=\"https:\/\/szkoleniahoteli.pl\/wp-content\/uploads\/2024\/04\/Motywacja-661x1024.png 661w, https:\/\/szkoleniahoteli.pl\/wp-content\/uploads\/2024\/04\/Motywacja-194x300.png 194w, https:\/\/szkoleniahoteli.pl\/wp-content\/uploads\/2024\/04\/Motywacja-768x1190.png 768w, https:\/\/szkoleniahoteli.pl\/wp-content\/uploads\/2024\/04\/Motywacja.png 834w\" sizes=\"(max-width: 661px) 100vw, 661px\" \/><\/figure><div class=\"wp-block-media-text__content\">\n<p>Dowiedz si\u0119 czym naprawd\u0119 jest motywacja pracownik\u00f3w.<\/p>\n\n\n\n<div class=\"wp-block-buttons is-layout-flex wp-block-buttons-is-layout-flex\">\n<div class=\"wp-block-button\"><a class=\"wp-block-button__link has-neve-link-hover-color-color has-blush-light-purple-gradient-background has-text-color has-background has-link-color wp-element-button\" href=\"https:\/\/szkoleniahoteli.pl\/index.php\/download\/cala-prawda-o-motywacji-pracownikow\/\">Pobierz<\/a><\/div>\n<\/div>\n<\/div><\/div>\n","protected":false},"excerpt":{"rendered":"","protected":false},"author":1,"featured_media":0,"parent":0,"menu_order":0,"comment_status":"closed","ping_status":"closed","template":"","meta":{"neve_meta_sidebar":"","neve_meta_container":"","neve_meta_enable_content_width":"","neve_meta_content_width":0,"neve_meta_title_alignment":"","neve_meta_author_avatar":"","neve_post_elements_order":"","neve_meta_disable_header":"","neve_meta_disable_footer":"","neve_meta_disable_title":"","_themeisle_gutenberg_block_has_review":false,"footnotes":""},"class_list":["post-496","page","type-page","status-publish","hentry"],"_links":{"self":[{"href":"https:\/\/szkoleniahoteli.pl\/index.php\/wp-json\/wp\/v2\/pages\/496","targetHints":{"allow":["GET"]}}],"collection":[{"href":"https:\/\/szkoleniahoteli.pl\/index.php\/wp-json\/wp\/v2\/pages"}],"about":[{"href":"https:\/\/szkoleniahoteli.pl\/index.php\/wp-json\/wp\/v2\/types\/page"}],"author":[{"embeddable":true,"href":"https:\/\/szkoleniahoteli.pl\/index.php\/wp-json\/wp\/v2\/users\/1"}],"replies":[{"embeddable":true,"href":"https:\/\/szkoleniahoteli.pl\/index.php\/wp-json\/wp\/v2\/comments?post=496"}],"version-history":[{"count":8,"href":"https:\/\/szkoleniahoteli.pl\/index.php\/wp-json\/wp\/v2\/pages\/496\/revisions"}],"predecessor-version":[{"id":510,"href":"https:\/\/szkoleniahoteli.pl\/index.php\/wp-json\/wp\/v2\/pages\/496\/revisions\/510"}],"wp:attachment":[{"href":"https:\/\/szkoleniahoteli.pl\/index.php\/wp-json\/wp\/v2\/media?parent=496"}],"curies":[{"name":"wp","href":"https:\/\/api.w.org\/{rel}","templated":true}]}}