{"id":61,"date":"2020-01-23T18:21:52","date_gmt":"2020-01-23T18:21:52","guid":{"rendered":"https:\/\/demosites.io\/web-agency-gb\/?page_id=61"},"modified":"2024-04-27T08:28:20","modified_gmt":"2024-04-27T08:28:20","slug":"onas","status":"publish","type":"page","link":"https:\/\/szkoleniahoteli.pl\/index.php\/onas\/","title":{"rendered":"O nas"},"content":{"rendered":"\n<div class=\"wp-block-cover alignfull\" style=\"min-height:300px;aspect-ratio:unset;\"><span aria-hidden=\"true\" class=\"wp-block-cover__background has-nv-site-bg-background-color has-background-dim-100 has-background-dim\"><\/span><div class=\"wp-block-cover__inner-container is-layout-flow wp-block-cover-is-layout-flow\">\n<div class=\"wp-block-group\"><div class=\"wp-block-group__inner-container is-layout-flow wp-block-group-is-layout-flow\">\n<h1 class=\"wp-block-heading has-text-align-left has-neve-text-color-color has-text-color\">Poznaj nasz\u0105 histori\u0119.<\/h1>\n<\/div><\/div>\n<\/div><\/div>\n\n\n\n<div class=\"wp-block-cover alignfull\" style=\"min-height:600px;aspect-ratio:unset;\"><span aria-hidden=\"true\" class=\"wp-block-cover__background has-nv-light-bg-background-color has-background-dim-100 has-background-dim\"><\/span><div class=\"wp-block-cover__inner-container is-layout-flow wp-block-cover-is-layout-flow\">\n<div class=\"wp-block-group\"><div class=\"wp-block-group__inner-container is-layout-flow wp-block-group-is-layout-flow\">\n<div style=\"height:80px\" aria-hidden=\"true\" class=\"wp-block-spacer\"><\/div>\n\n\n\n<div class=\"wp-block-columns are-vertically-aligned-center has-neve-text-color-color has-text-color is-layout-flex wp-container-core-columns-is-layout-9d6595d7 wp-block-columns-is-layout-flex\">\n<div class=\"wp-block-column is-vertically-aligned-center is-layout-flow wp-block-column-is-layout-flow\" style=\"flex-basis:50%\"><div class=\"wp-block-image\">\n<figure class=\"aligncenter size-full\"><img fetchpriority=\"high\" decoding=\"async\" width=\"768\" height=\"1024\" src=\"https:\/\/szkoleniahoteli.pl\/wp-content\/uploads\/2024\/04\/razem.png\" alt=\"\" class=\"wp-image-458\" srcset=\"https:\/\/szkoleniahoteli.pl\/wp-content\/uploads\/2024\/04\/razem.png 768w, https:\/\/szkoleniahoteli.pl\/wp-content\/uploads\/2024\/04\/razem-225x300.png 225w\" sizes=\"(max-width: 768px) 100vw, 768px\" \/><\/figure>\n<\/div><\/div>\n\n\n\n<div class=\"wp-block-column is-vertically-aligned-center is-layout-flow wp-block-column-is-layout-flow\" style=\"flex-basis:50%\">\n<h2 class=\"wp-block-heading has-neve-text-color-color has-text-color\">Nasza Historia<\/h2>\n\n\n\n<p class=\"has-small-font-size\">Firma &#8222;Szkolenia Hoteli&#8221; to renomowana firma z ponad 25-letnim do\u015bwiadczeniem w bran\u017cy hotelarskiej, specjalizuj\u0105ca si\u0119 w szkoleniach dla hotelarzy. Za\u0142o\u017cona przez Ann\u0119 i Krzysztofa G\u0142\u0105bi\u0144skich, ma\u0142\u017ce\u0144stwo z imponuj\u0105cym do\u015bwiadczeniem w hotelarstwie, firma oferuje szkolenia osobiste i online, konsultacje oraz doradztwo w zakresie zarz\u0105dzania hotelami.<\/p>\n\n\n\n<p class=\"has-small-font-size\">Historia Anny i Krisa jest nierozerwalnie zwi\u0105zana z bran\u017c\u0105 hotelarsk\u0105. Poznali si\u0119 podczas nauki w Technikum Hotelarskim w Warszawie, gdzie odkryli swoj\u0105 pasj\u0119 do hotelarstwa. Ich droga zawodowa rozpocz\u0119\u0142a si\u0119 od praktyk na recepcji presti\u017cowego hotelu Warsaw Marriott, jedynego w\u00f3wczas zagranicznego hotelu w Polsce. M\u0142odzi i ambitni, zostali wybrani do zespo\u0142u otwieraj\u0105cego hotel JW Marriott w Dubaju, gdzie sp\u0119dzili 8 miesi\u0119cy, zdobywaj\u0105c cenne do\u015bwiadczenie mi\u0119dzynarodowe.<\/p>\n\n\n\n<p class=\"has-small-font-size\">Po powrocie do Polski, Anna i Kris kontynuowali prac\u0119 w Warsaw Marriott, jednocze\u015bnie ko\u0144cz\u0105c studia turystyczne na WSTH w Warszawie. Ich talent i zaanga\u017cowanie nie pozosta\u0142y niezauwa\u017cone &#8211; wkr\u00f3tce dostali si\u0119 do elitarnego zespo\u0142u cabin crew w Delta Airlines. Przeszli intensywne szkolenia z obs\u0142ugi klienta i procedur bezpiecze\u0144stwa w Atlancie, co jeszcze bardziej pog\u0142\u0119bi\u0142o ich wiedz\u0119 i umiej\u0119tno\u015bci.<\/p>\n\n\n\n<p class=\"has-small-font-size\">Gdy Delta Airlines zamkn\u0119\u0142a swoj\u0105 baz\u0119 w Polsce, zawodowe drogi Anny i Krisa rozesz\u0142y si\u0119. Anna powr\u00f3ci\u0142a do hotelarstwa, rozwijaj\u0105c swoj\u0105 karier\u0119 w presti\u017cowym hotelu Bristol w Warszawie. Dzi\u0119ki swojemu zaanga\u017cowaniu i umiej\u0119tno\u015bciom, osi\u0105gn\u0119\u0142a stanowisko Dyrektora ds. Sprzeda\u017cy i Marketingu. Jej dzia\u0142ania przyczyni\u0142y si\u0119 do wprowadzenia hotelu do czo\u0142\u00f3wki najlepszych obiekt\u00f3w na \u015bwiecie w rankingu The Leading Hotels of the World. To do\u015bwiadczenie ukszta\u0142towa\u0142o specjalizacj\u0119 Anny w dziedzinie sprzeda\u017cy, marketingu i zarz\u0105dzania hotelami.<\/p>\n\n\n\n<p class=\"has-small-font-size\">Kris natomiast pozosta\u0142 w bran\u017cy lotniczej, pracuj\u0105c dla British Airways. Podobnie jak Anna, budowa\u0142 swoj\u0105 karier\u0119 od podstaw, pocz\u0105wszy od stanowiska agenta rezerwacji, przez specjalist\u0119 ds. cenowych, country managera, a\u017c po stanowisko regionalnego managera ds. rozwoju przychod\u00f3w (revenue development), \u0142\u0105cz\u0105cego revenue management ze sprzeda\u017c\u0105. Dzi\u0119ki temu Kris zdoby\u0142 specjalistyczn\u0105 wiedz\u0119 w zakresie revenue management i dystrybucji.<\/p>\n\n\n\n<p class=\"has-small-font-size\">Prze\u0142omowym momentem by\u0142 dla Anny i Krisa rok 2000, w kt\u00f3rym za\u0142o\u017cyli firm\u0119 &#8222;Szkolenia Hoteli&#8221;. Decyzja ta by\u0142a podyktowana ch\u0119ci\u0105 dzielenia si\u0119 swoj\u0105 wiedz\u0105 i do\u015bwiadczeniem z innymi hotelarzami oraz odej\u015bciem od korporacyjnego \u015brodowiska. Podczas budowania marki i renomy firmy, Anna i Kris anga\u017cowali si\u0119 r\u00f3wnie\u017c w inne projekty bran\u017cowe. Anna doradza\u0142a zarz\u0105dom sieci hoteli, takich jak DeSilva czy Interferie SA, a tak\u017ce firmom gastronomicznym, jak Belvedere Gourmet Group czy Stixx Bar &amp; Grill. Kris z kolei by\u0142 zaanga\u017cowany w tworzenie i rozw\u00f3j innowacyjnych narz\u0119dzi dla bran\u017cy hotelarskiej, takich jak pierwszy w Polsce channel manager YieldPlanet, oparty na sztucznej inteligencji system revenue management I-rates czy wprowadzenie na rynek polski OTA noclegi.pl. Wsp\u00f3\u0142tworzy\u0142 r\u00f3wnie\u017c system revenue management lybra.tech.<\/p>\n\n\n\n<p class=\"has-small-font-size\">Obecnie Anna koncentruje si\u0119 wy\u0142\u0105cznie na szkoleniach i doradztwie dla w\u0142a\u015bcicieli hoteli, dziel\u0105c si\u0119 swoj\u0105 bogat\u0105 wiedz\u0105 i do\u015bwiadczeniem. Kris natomiast wsp\u00f3\u0142tworzy ameryka\u0144sk\u0105 firm\u0119 AggregateIntelligence, dostarczaj\u0105c\u0105 du\u017ce dane dla bran\u017cy turystycznej. Jednocze\u015bnie pozostaje ekspertem w firmie &#8222;Szkolenia Hoteli&#8221;, wspieraj\u0105c jej dzia\u0142alno\u015b\u0107 od strony revenue management i technologii.<\/p>\n\n\n\n<p class=\"has-small-font-size\">Dzi\u0119ki pasji, do\u015bwiadczeniu i nieustannemu d\u0105\u017ceniu do doskona\u0142o\u015bci, Anna i Krzysztof G\u0142\u0105bi\u0144scy stworzyli firm\u0119 &#8222;Szkolenia Hoteli&#8221;, kt\u00f3ra sta\u0142a si\u0119 liderem w dziedzinie szkole\u0144 dla hotelarzy. Ich unikalne po\u0142\u0105czenie wiedzy z zakresu sprzeda\u017cy, marketingu, obs\u0142ugi klienta, revenue management i dystrybucji pozwala na kompleksowe wsparcie hoteli w osi\u0105ganiu sukcesu. Firma cieszy si\u0119 uznaniem i zaufaniem w bran\u017cy, a jej oferta szkoleniowa, dostosowana do indywidualnych potrzeb ka\u017cdego hotelu, pomaga hotelarzom w rozwoju biznesu i osi\u0105ganiu lepszych wynik\u00f3w finansowych.<\/p>\n\n\n\n<p class=\"has-small-font-size\">Historia Anny i Krisa jest inspiruj\u0105c\u0105 opowie\u015bci\u0105 o pasji, determinacji i ci\u0105g\u0142ym rozwoju. Ich droga od m\u0142odych adept\u00f3w hotelarstwa po uznanych ekspert\u00f3w i za\u0142o\u017cycieli firmy szkoleniowej pokazuje, \u017ce dzi\u0119ki ci\u0119\u017ckiej pracy, zaanga\u017cowaniu i nieustannemu poszerzaniu wiedzy mo\u017cna osi\u0105gn\u0105\u0107 sukces w bran\u017cy hotelarskiej. &#8222;Szkolenia Hoteli&#8221; to owoc ich wieloletniego do\u015bwiadczenia i d\u0105\u017cenia do doskona\u0142o\u015bci, a firma stanowi warto\u015bciowego partnera dla hotelarzy, kt\u00f3rzy chc\u0105 rozwija\u0107 sw\u00f3j biznes i osi\u0105ga\u0107 coraz lepsze rezultaty.<\/p>\n<\/div>\n<\/div>\n\n\n\n<div style=\"height:40px\" aria-hidden=\"true\" class=\"wp-block-spacer\"><\/div>\n<\/div><\/div>\n<\/div><\/div>\n\n\n\n<div class=\"wp-block-cover alignfull\" style=\"min-height:600px;aspect-ratio:unset;\"><span aria-hidden=\"true\" class=\"wp-block-cover__background has-nv-dark-bg-background-color has-background-dim-100 has-background-dim\"><\/span><div class=\"wp-block-cover__inner-container is-layout-flow wp-block-cover-is-layout-flow\">\n<div class=\"wp-block-group\"><div class=\"wp-block-group__inner-container is-layout-flow wp-block-group-is-layout-flow\">\n<div style=\"height:80px\" aria-hidden=\"true\" class=\"wp-block-spacer\"><\/div>\n\n\n\n<div class=\"wp-block-columns are-vertically-aligned-center is-layout-flex wp-container-core-columns-is-layout-9d6595d7 wp-block-columns-is-layout-flex\">\n<div class=\"wp-block-column is-vertically-aligned-center is-layout-flow wp-block-column-is-layout-flow\" style=\"flex-basis:50%\">\n<h2 class=\"wp-block-heading has-nv-text-dark-bg-color has-text-color\">Wiedza, pasja, sukces &#8211; Tw\u00f3j klucz do doskona\u0142o\u015bci w hotelarstwie<\/h2>\n\n\n\n<p class=\"has-nv-text-dark-bg-color has-text-color\">W &#8222;Szkolenia Hoteli&#8221; wierzymy, \u017ce po\u0142\u0105czenie specjalistycznej wiedzy, pasji do bran\u017cy i d\u0105\u017cenia do sukcesu jest kluczem do osi\u0105gni\u0119cia doskona\u0142o\u015bci w hotelarstwie. Nasze kompleksowe szkolenia, prowadzone przez do\u015bwiadczonych ekspert\u00f3w, dostarczaj\u0105 hotelarzom narz\u0119dzi i umiej\u0119tno\u015bci niezb\u0119dnych do rozwoju biznesu i osi\u0105gania imponuj\u0105cych rezultat\u00f3w.<\/p>\n\n\n\n<div style=\"height:20px\" aria-hidden=\"true\" class=\"wp-block-spacer\"><\/div>\n\n\n\n<div class=\"wp-block-buttons is-layout-flex wp-block-buttons-is-layout-flex\">\n<div class=\"wp-block-button is-style-primary\"><a class=\"wp-block-button__link has-neve-link-hover-color-color has-blush-light-purple-gradient-background has-text-color has-background has-link-color wp-element-button\" href=\"https:\/\/szkoleniahoteli.pl\/web-agency-gb-contact-us\/\">Napisz do nas<\/a><\/div>\n<\/div>\n\n\n\n<div style=\"height:20px\" aria-hidden=\"true\" class=\"wp-block-spacer\"><\/div>\n<\/div>\n\n\n\n<div class=\"wp-block-column is-vertically-aligned-center is-layout-flow wp-block-column-is-layout-flow\" style=\"flex-basis:50%\">\n<figure class=\"wp-block-image size-large is-resized\"><img decoding=\"async\" width=\"1024\" height=\"585\" src=\"https:\/\/szkoleniahoteli.pl\/wp-content\/uploads\/2024\/04\/o-nas-1024x585.png\" alt=\"\" class=\"wp-image-390\" style=\"width:791px;height:auto\" srcset=\"https:\/\/szkoleniahoteli.pl\/wp-content\/uploads\/2024\/04\/o-nas-1024x585.png 1024w, https:\/\/szkoleniahoteli.pl\/wp-content\/uploads\/2024\/04\/o-nas-300x171.png 300w, https:\/\/szkoleniahoteli.pl\/wp-content\/uploads\/2024\/04\/o-nas-768x439.png 768w, https:\/\/szkoleniahoteli.pl\/wp-content\/uploads\/2024\/04\/o-nas-1536x878.png 1536w, https:\/\/szkoleniahoteli.pl\/wp-content\/uploads\/2024\/04\/o-nas.png 1792w\" sizes=\"(max-width: 1024px) 100vw, 1024px\" \/><\/figure>\n<\/div>\n<\/div>\n\n\n\n<div style=\"height:40px\" aria-hidden=\"true\" class=\"wp-block-spacer\"><\/div>\n<\/div><\/div>\n<\/div><\/div>\n\n\n\n<div class=\"wp-block-cover alignfull\" style=\"min-height:420px;aspect-ratio:unset;\"><span aria-hidden=\"true\" class=\"wp-block-cover__background has-nv-site-bg-background-color has-background-dim-100 has-background-dim\"><\/span><div class=\"wp-block-cover__inner-container is-layout-flow wp-block-cover-is-layout-flow\">\n<div style=\"height:80px\" aria-hidden=\"true\" class=\"wp-block-spacer\"><\/div>\n\n\n\n<div class=\"wp-block-columns is-layout-flex wp-container-core-columns-is-layout-9d6595d7 wp-block-columns-is-layout-flex\">\n<div class=\"wp-block-column ticss-4ce656f1 is-layout-flow wp-block-column-is-layout-flow\">\n<figure class=\"wp-block-image size-large has-custom-border icon-style is-style-rounded wp-duotone-magenta-yellow\"><img decoding=\"async\" width=\"72\" height=\"72\" src=\"https:\/\/szkoleniahoteli.pl\/wp-content\/uploads\/2020\/01\/neve-webdesign-GB-03.png\" alt=\"\" class=\"wp-image-20\" style=\"border-style:none;border-width:0px;border-radius:0px\"\/><\/figure>\n\n\n\n<div style=\"height:24px\" aria-hidden=\"true\" class=\"wp-block-spacer\"><\/div>\n\n\n\n<h3 class=\"wp-block-heading has-text-align-left has-text-align-center has-neve-text-color-color has-text-color\">Kompleksowo\u015b\u0107<\/h3>\n\n\n\n<p class=\"has-neve-link-hover-color-color has-text-color has-link-color wp-elements-68d5696469ab9b61f93eb74613c8e241\">Kompleksowo\u015b\u0107 oferty szkoleniowej<br>&#8222;Szkolenia Hoteli&#8221; oferuje szeroki wachlarz szkole\u0144, kt\u00f3re obejmuj\u0105 wszystkie kluczowe aspekty zarz\u0105dzania hotelem, od sprzeda\u017cy i marketingu, przez revenue management i dystrybucj\u0119, po obs\u0142ug\u0119 klienta i zarz\u0105dzanie operacyjne. Dzi\u0119ki temu hotelarze mog\u0105 zdoby\u0107 wiedz\u0119 i umiej\u0119tno\u015bci niezb\u0119dne do skutecznego prowadzenia obiektu i osi\u0105gania lepszych wynik\u00f3w finansowych.<\/p>\n\n\n\n<div style=\"height:20px\" aria-hidden=\"true\" class=\"wp-block-spacer\"><\/div>\n<\/div>\n\n\n\n<div class=\"wp-block-column ticss-f6fc7494 is-layout-flow wp-block-column-is-layout-flow\">\n<figure class=\"wp-block-image size-large icon-style is-style-rounded wp-duotone-magenta-yellow\"><img loading=\"lazy\" decoding=\"async\" width=\"72\" height=\"72\" src=\"https:\/\/szkoleniahoteli.pl\/wp-content\/uploads\/2020\/01\/neve-webdesign-GB-03.png\" alt=\"\" class=\"wp-image-20\"\/><\/figure>\n\n\n\n<div style=\"height:24px\" aria-hidden=\"true\" class=\"wp-block-spacer\"><\/div>\n\n\n\n<h3 class=\"wp-block-heading has-text-align-left has-text-align-center has-neve-text-color-color has-text-color\">Do\u015bwiadczenie i wiedza<\/h3>\n\n\n\n<p class=\"has-neve-link-hover-color-color has-text-color has-link-color wp-elements-0f610faf12892016518a7167072a8754\">Do\u015bwiadczenie i wiedza ekspert\u00f3w<br>Szkolenia prowadzone s\u0105 przez Ann\u0119 i Krzysztofa G\u0142\u0105bi\u0144skich, uznanych ekspert\u00f3w w bran\u017cy hotelarskiej z ponad 25-letnim do\u015bwiadczeniem. Ich bogata wiedza, poparta licznymi sukcesami w zarz\u0105dzaniu hotelami i wdra\u017caniu innowacyjnych rozwi\u0105za\u0144, gwarantuje najwy\u017csz\u0105 jako\u015b\u0107 szkole\u0144 i praktyczne podej\u015bcie do przekazywanych tre\u015bci.<\/p>\n\n\n\n<div style=\"height:20px\" aria-hidden=\"true\" class=\"wp-block-spacer\"><\/div>\n<\/div>\n\n\n\n<div class=\"wp-block-column ticss-a5b4df29 is-layout-flow wp-block-column-is-layout-flow\">\n<figure class=\"wp-block-image size-large icon-style is-style-rounded wp-duotone-magenta-yellow\"><img loading=\"lazy\" decoding=\"async\" width=\"72\" height=\"72\" src=\"https:\/\/szkoleniahoteli.pl\/wp-content\/uploads\/2020\/01\/neve-webdesign-GB-03.png\" alt=\"\" class=\"wp-image-20\"\/><\/figure>\n\n\n\n<div style=\"height:24px\" aria-hidden=\"true\" class=\"wp-block-spacer\"><\/div>\n\n\n\n<h3 class=\"wp-block-heading has-text-align-left has-text-align-center has-neve-text-color-color has-text-color\">Indywidualne podej\u015bcie<\/h3>\n\n\n\n<p class=\"has-neve-link-hover-color-color has-text-color has-link-color wp-elements-71e0e0be0a9cc58ac7ccc1540a7a90d0\">Indywidualne podej\u015bcie i dostosowanie do potrzeb<br>&#8222;Szkolenia Hoteli&#8221; stawia na indywidualne podej\u015bcie do ka\u017cdego klienta, dok\u0142adnie analizuj\u0105c potrzeby i wyzwania danego hotelu. Dzi\u0119ki temu oferowane szkolenia s\u0105 precyzyjnie dostosowane do specyfiki obiektu i jego zespo\u0142u, co pozwala na maksymalizacj\u0119 efekt\u00f3w i wdro\u017cenie zdobytej wiedzy w praktyce.<\/p>\n\n\n\n<div style=\"height:20px\" aria-hidden=\"true\" class=\"wp-block-spacer\"><\/div>\n<\/div>\n<\/div>\n\n\n\n<div style=\"height:30px\" aria-hidden=\"true\" class=\"wp-block-spacer\"><\/div>\n<\/div><\/div>\n","protected":false},"excerpt":{"rendered":"","protected":false},"author":1,"featured_media":0,"parent":0,"menu_order":0,"comment_status":"closed","ping_status":"closed","template":"","meta":{"neve_meta_sidebar":"default","neve_meta_container":"default","neve_meta_enable_content_width":"on","neve_meta_content_width":100,"neve_meta_title_alignment":"","neve_meta_author_avatar":"","neve_post_elements_order":"","neve_meta_disable_header":"","neve_meta_disable_footer":"","neve_meta_disable_title":"on","_themeisle_gutenberg_block_has_review":false,"footnotes":""},"class_list":["post-61","page","type-page","status-publish","hentry"],"_links":{"self":[{"href":"https:\/\/szkoleniahoteli.pl\/index.php\/wp-json\/wp\/v2\/pages\/61","targetHints":{"allow":["GET"]}}],"collection":[{"href":"https:\/\/szkoleniahoteli.pl\/index.php\/wp-json\/wp\/v2\/pages"}],"about":[{"href":"https:\/\/szkoleniahoteli.pl\/index.php\/wp-json\/wp\/v2\/types\/page"}],"author":[{"embeddable":true,"href":"https:\/\/szkoleniahoteli.pl\/index.php\/wp-json\/wp\/v2\/users\/1"}],"replies":[{"embeddable":true,"href":"https:\/\/szkoleniahoteli.pl\/index.php\/wp-json\/wp\/v2\/comments?post=61"}],"version-history":[{"count":4,"href":"https:\/\/szkoleniahoteli.pl\/index.php\/wp-json\/wp\/v2\/pages\/61\/revisions"}],"predecessor-version":[{"id":463,"href":"https:\/\/szkoleniahoteli.pl\/index.php\/wp-json\/wp\/v2\/pages\/61\/revisions\/463"}],"wp:attachment":[{"href":"https:\/\/szkoleniahoteli.pl\/index.php\/wp-json\/wp\/v2\/media?parent=61"}],"curies":[{"name":"wp","href":"https:\/\/api.w.org\/{rel}","templated":true}]}}