{"id":71,"date":"2020-01-27T08:15:05","date_gmt":"2020-01-27T08:15:05","guid":{"rendered":"https:\/\/demosites.io\/web-agency-gb\/?page_id=71"},"modified":"2024-06-12T12:28:50","modified_gmt":"2024-06-12T12:28:50","slug":"sprzedaz","status":"publish","type":"page","link":"https:\/\/szkoleniahoteli.pl\/index.php\/szkolenia\/sprzedaz\/","title":{"rendered":"Sprzeda\u017c"},"content":{"rendered":"\n<div class=\"wp-block-cover alignfull\" style=\"min-height:2323px;aspect-ratio:unset;\"><span aria-hidden=\"true\" class=\"wp-block-cover__background has-nv-site-bg-background-color has-background-dim-100 has-background-dim\"><\/span><div class=\"wp-block-cover__inner-container is-layout-flow wp-block-cover-is-layout-flow\">\n<div class=\"wp-block-group\"><div class=\"wp-block-group__inner-container is-layout-flow wp-block-group-is-layout-flow\">\n<div class=\"wp-block-columns are-vertically-aligned-center is-layout-flex wp-container-core-columns-is-layout-9d6595d7 wp-block-columns-is-layout-flex\">\n<div class=\"wp-block-column is-vertically-aligned-center is-layout-flow wp-block-column-is-layout-flow\" style=\"flex-basis:70%\">\n<figure class=\"wp-block-image size-full is-resized\"><img fetchpriority=\"high\" decoding=\"async\" width=\"1024\" height=\"1024\" src=\"https:\/\/szkoleniahoteli.pl\/wp-content\/uploads\/2024\/04\/sales.webp\" alt=\"\" class=\"wp-image-426\" style=\"width:326px;height:auto\" srcset=\"https:\/\/szkoleniahoteli.pl\/wp-content\/uploads\/2024\/04\/sales.webp 1024w, https:\/\/szkoleniahoteli.pl\/wp-content\/uploads\/2024\/04\/sales-300x300.webp 300w, https:\/\/szkoleniahoteli.pl\/wp-content\/uploads\/2024\/04\/sales-150x150.webp 150w, https:\/\/szkoleniahoteli.pl\/wp-content\/uploads\/2024\/04\/sales-768x768.webp 768w\" sizes=\"(max-width: 1024px) 100vw, 1024px\" \/><\/figure>\n\n\n\n<h1 class=\"wp-block-heading has-text-align-left has-neve-text-color-color has-text-color\">Sprzeda\u017c w Hotelu<\/h1>\n\n\n\n<p class=\"has-neve-text-color-color has-text-color\" style=\"font-size:22px\">Agenda szkolenia sprzeda\u017cowego dla hotelarzy:<\/p>\n\n\n\n<p class=\"has-neve-link-hover-color-color has-text-color has-link-color has-large-font-size wp-elements-2b0ad1ea85919349caa8909f0bf00fe1\">Wprowadzenie do sprzeda\u017cy w hotelarstwie<\/p>\n\n\n\n<p>Znaczenie sprzeda\u017cy w bran\u017cy hotelarskiej<br>Kluczowe czynniki sukcesu w sprzeda\u017cy hotelowej<br>Trendy i wyzwania wsp\u00f3\u0142czesnego rynku hotelarskiego<\/p>\n\n\n\n<p class=\"has-neve-link-hover-color-color has-text-color has-link-color has-large-font-size wp-elements-7f676498aa12014365a40a58bb886de3\">Podstawy skutecznej sprzeda\u017cy<\/p>\n\n\n\n<p class=\"has-neve-link-hover-color-color has-text-color has-link-color wp-elements-513ebef663e0594804b69abe22dd0437\">Proces sprzeda\u017cy i jego etapy<br>Identyfikacja potrzeb klienta<br>Techniki aktywnego s\u0142uchania i zadawania pyta\u0144<br>Prezentacja oferty i korzy\u015bci dla klienta<br>Radzenie sobie z obiekcjami i zastrze\u017ceniami<br>Finalizacja sprzeda\u017cy i dbanie o d\u0142ugotrwa\u0142e relacje z klientem<\/p>\n\n\n\n<p class=\"has-neve-link-hover-color-color has-text-color has-link-color has-large-font-size wp-elements-2a3fd77bcba1cbebf5308728df859fb1\">Sprzeda\u017c indywidualna<\/p>\n\n\n\n<p class=\"has-neve-link-hover-color-color has-text-color has-link-color wp-elements-97527a76483ad4bad619d9a1d56227d1\">Profilowanie i segmentacja klient\u00f3w indywidualnych<br>Dostosowanie oferty do potrzeb i preferencji go\u015bci<br>Techniki cross-sellingu i up-sellingu<br>Scenki rodzajowe: obs\u0142uga go\u015bcia indywidualnego w recepcji, restauracji, spa<\/p>\n\n\n\n<p class=\"has-neve-link-hover-color-color has-text-color has-link-color has-large-font-size wp-elements-af7697360fa5433bfd9f1bdd73be8b9b\">Sprzeda\u017c grupowa<\/p>\n\n\n\n<p class=\"has-neve-link-hover-color-color has-text-color has-link-color wp-elements-3f34acbdfc0c3eabae6ea0e792d33491\">Specyfika obs\u0142ugi grup turystycznych<br>Wsp\u00f3\u0142praca z touroperatorami i agencjami turystycznymi<br>Przygotowanie i prezentacja oferty dla grup<br>Negocjacje i ustalanie warunk\u00f3w wsp\u00f3\u0142pracy<br>Scenki rodzajowe: obs\u0142uga grupy turystycznej, rozwi\u0105zywanie problem\u00f3w<\/p>\n\n\n\n<p class=\"has-neve-link-hover-color-color has-text-color has-link-color has-large-font-size wp-elements-9f4336f510fa4bb156bd9d6b86f79892\">Sprzeda\u017c korporacyjna<\/p>\n\n\n\n<p class=\"has-neve-link-hover-color-color has-text-color has-link-color wp-elements-3c5ae6afbaa4626018fd85fd80ddb4e2\">Identyfikacja potencjalnych klient\u00f3w korporacyjnych<br>Nawi\u0105zywanie i utrzymywanie relacji z firmami<br>Przygotowanie spersonalizowanych ofert dla klient\u00f3w biznesowych<br>Obs\u0142uga go\u015bci korporacyjnych podczas pobytu<br>Scenki rodzajowe: prezentacja oferty firmie, organizacja konferencji<\/p>\n\n\n\n<p class=\"has-neve-link-hover-color-color has-text-color has-link-color has-large-font-size wp-elements-2ebfaa8dc69e9de1fe02b9e127434015\">Sprzeda\u017c MICE (Meetings, Incentives, Conferences, Events)<\/p>\n\n\n\n<p class=\"has-neve-link-hover-color-color has-text-color has-link-color wp-elements-8cedad1d7d3ad2d2f756c8cb92cb056e\">Rynek MICE i jego znaczenie dla bran\u017cy hotelarskiej<br>Pozyskiwanie i obs\u0142uga klient\u00f3w MICE<br>Wsp\u00f3\u0142praca z organizatorami wydarze\u0144 i agencjami MICE<br>Przygotowanie i prezentacja oferty dla klient\u00f3w MICE<br>Scenki rodzajowe: organizacja konferencji, bankietu, programu incentive<\/p>\n\n\n\n<p class=\"has-neve-link-hover-color-color has-text-color has-link-color has-large-font-size wp-elements-c9b76cb21d8d480b5a8bf169a97dd9eb\">Strategia i organizacja dzia\u0142u sprzeda\u017cy<\/p>\n\n\n\n<p class=\"has-neve-link-hover-color-color has-text-color has-link-color wp-elements-980ad3072b11a282149071914e53d4bd\">Rola dzia\u0142u sprzeda\u017cy w strukturze hotelu<br>Wyznaczanie cel\u00f3w i miernik\u00f3w sprzeda\u017cowych<br>Planowanie i realizacja dzia\u0142a\u0144 sprzeda\u017cowych<br>Wsp\u00f3\u0142praca dzia\u0142u sprzeda\u017cy z innymi departamentami hotelu<br>Motywowanie i rozw\u00f3j zespo\u0142u sprzeda\u017cowego<\/p>\n\n\n\n<p class=\"has-neve-link-hover-color-color has-text-color has-link-color has-large-font-size wp-elements-6b1598e014d93b08ac0b1e88c9bf1cad\">Wsp\u00f3\u0142praca z innymi departamentami hotelu<\/p>\n\n\n\n<p class=\"has-neve-link-hover-color-color has-text-color has-link-color wp-elements-91fd79acfa9fa6e43640217a4d92ea9c\">Rola dzia\u0142u marketingu we wspieraniu sprzeda\u017cy<br>Wsp\u00f3\u0142praca z dzia\u0142em revenue management<br>Komunikacja i koordynacja z dzia\u0142em operacyjnym<br>Wsp\u00f3lne dzia\u0142ania na rzecz poprawy jako\u015bci obs\u0142ugi i satysfakcji go\u015bci<\/p>\n<\/div>\n\n\n\n<div class=\"wp-block-column is-vertically-aligned-center is-layout-flow wp-block-column-is-layout-flow\" style=\"flex-basis:30%\"><\/div>\n<\/div>\n<\/div><\/div>\n\n\n\n<ul class=\"wp-block-list\">\n<li><\/li>\n<\/ul>\n<\/div><\/div>\n\n\n\n<div class=\"wp-block-cover alignfull\" style=\"min-height:600px;aspect-ratio:unset;\"><span aria-hidden=\"true\" class=\"wp-block-cover__background has-nv-site-bg-background-color has-background-dim-100 has-background-dim\"><\/span><div class=\"wp-block-cover__inner-container is-layout-flow wp-block-cover-is-layout-flow\">\n<div class=\"wp-block-group\"><div class=\"wp-block-group__inner-container is-layout-flow wp-block-group-is-layout-flow\">\n<div style=\"height:80px\" aria-hidden=\"true\" class=\"wp-block-spacer\"><\/div>\n\n\n\n<h2 class=\"wp-block-heading has-neve-text-color-color has-text-color\">Inne szkolenia<\/h2>\n\n\n\n<div style=\"height:20px\" aria-hidden=\"true\" class=\"wp-block-spacer\"><\/div>\n\n\n\n<div class=\"wp-block-columns are-vertically-aligned-center is-layout-flex wp-container-core-columns-is-layout-9d6595d7 wp-block-columns-is-layout-flex\">\n<div class=\"wp-block-column is-vertically-aligned-center is-layout-flow wp-block-column-is-layout-flow\" style=\"flex-basis:50%\">\n<figure class=\"wp-block-image size-full\"><img decoding=\"async\" width=\"1024\" height=\"1024\" src=\"https:\/\/szkoleniahoteli.pl\/wp-content\/uploads\/2024\/04\/Marketing.webp\" alt=\"\" class=\"wp-image-425\" srcset=\"https:\/\/szkoleniahoteli.pl\/wp-content\/uploads\/2024\/04\/Marketing.webp 1024w, https:\/\/szkoleniahoteli.pl\/wp-content\/uploads\/2024\/04\/Marketing-300x300.webp 300w, https:\/\/szkoleniahoteli.pl\/wp-content\/uploads\/2024\/04\/Marketing-150x150.webp 150w, https:\/\/szkoleniahoteli.pl\/wp-content\/uploads\/2024\/04\/Marketing-768x768.webp 768w\" sizes=\"(max-width: 1024px) 100vw, 1024px\" \/><\/figure>\n\n\n\n<div class=\"wp-block-buttons is-layout-flex wp-block-buttons-is-layout-flex\">\n<div class=\"wp-block-button\"><a class=\"wp-block-button__link has-neve-link-hover-color-color has-blush-light-purple-gradient-background has-text-color has-background has-link-color wp-element-button\" href=\"https:\/\/szkoleniahoteli.pl\/index.php\/szkolenia\/marketing-2\/\" target=\"_blank\" rel=\"noreferrer noopener\">Zobacz wi\u0119cej<\/a><\/div>\n<\/div>\n\n\n\n<div style=\"height:40px\" aria-hidden=\"true\" class=\"wp-block-spacer\"><\/div>\n<\/div>\n\n\n\n<div class=\"wp-block-column is-vertically-aligned-center is-layout-flow wp-block-column-is-layout-flow\" style=\"flex-basis:50%\">\n<figure class=\"wp-block-image size-full\"><img decoding=\"async\" width=\"1024\" height=\"1024\" src=\"https:\/\/szkoleniahoteli.pl\/wp-content\/uploads\/2024\/04\/revenue-man.webp\" alt=\"\" class=\"wp-image-427\" srcset=\"https:\/\/szkoleniahoteli.pl\/wp-content\/uploads\/2024\/04\/revenue-man.webp 1024w, https:\/\/szkoleniahoteli.pl\/wp-content\/uploads\/2024\/04\/revenue-man-300x300.webp 300w, https:\/\/szkoleniahoteli.pl\/wp-content\/uploads\/2024\/04\/revenue-man-150x150.webp 150w, https:\/\/szkoleniahoteli.pl\/wp-content\/uploads\/2024\/04\/revenue-man-768x768.webp 768w\" sizes=\"(max-width: 1024px) 100vw, 1024px\" \/><\/figure>\n\n\n\n<div class=\"wp-block-buttons is-layout-flex wp-block-buttons-is-layout-flex\">\n<div class=\"wp-block-button\"><a class=\"wp-block-button__link has-neve-link-hover-color-color has-blush-light-purple-gradient-background has-text-color has-background has-link-color wp-element-button\" href=\"https:\/\/szkoleniahoteli.pl\/index.php\/szkolenia\/revenue-management\/\" target=\"_blank\" rel=\"noreferrer noopener\">Zobacz wi\u0119cej<\/a><\/div>\n<\/div>\n\n\n\n<div style=\"height:40px\" aria-hidden=\"true\" class=\"wp-block-spacer\"><\/div>\n<\/div>\n<\/div>\n\n\n\n<div style=\"height:40px\" aria-hidden=\"true\" class=\"wp-block-spacer\"><\/div>\n<\/div><\/div>\n<\/div><\/div>\n","protected":false},"excerpt":{"rendered":"","protected":false},"author":1,"featured_media":0,"parent":69,"menu_order":-1,"comment_status":"closed","ping_status":"closed","template":"","meta":{"neve_meta_sidebar":"default","neve_meta_container":"","neve_meta_enable_content_width":"on","neve_meta_content_width":100,"neve_meta_title_alignment":"","neve_meta_author_avatar":"","neve_post_elements_order":"","neve_meta_disable_header":"","neve_meta_disable_footer":"","neve_meta_disable_title":"on","_themeisle_gutenberg_block_has_review":false,"footnotes":""},"class_list":["post-71","page","type-page","status-publish","hentry"],"_links":{"self":[{"href":"https:\/\/szkoleniahoteli.pl\/index.php\/wp-json\/wp\/v2\/pages\/71","targetHints":{"allow":["GET"]}}],"collection":[{"href":"https:\/\/szkoleniahoteli.pl\/index.php\/wp-json\/wp\/v2\/pages"}],"about":[{"href":"https:\/\/szkoleniahoteli.pl\/index.php\/wp-json\/wp\/v2\/types\/page"}],"author":[{"embeddable":true,"href":"https:\/\/szkoleniahoteli.pl\/index.php\/wp-json\/wp\/v2\/users\/1"}],"replies":[{"embeddable":true,"href":"https:\/\/szkoleniahoteli.pl\/index.php\/wp-json\/wp\/v2\/comments?post=71"}],"version-history":[{"count":4,"href":"https:\/\/szkoleniahoteli.pl\/index.php\/wp-json\/wp\/v2\/pages\/71\/revisions"}],"predecessor-version":[{"id":518,"href":"https:\/\/szkoleniahoteli.pl\/index.php\/wp-json\/wp\/v2\/pages\/71\/revisions\/518"}],"up":[{"embeddable":true,"href":"https:\/\/szkoleniahoteli.pl\/index.php\/wp-json\/wp\/v2\/pages\/69"}],"wp:attachment":[{"href":"https:\/\/szkoleniahoteli.pl\/index.php\/wp-json\/wp\/v2\/media?parent=71"}],"curies":[{"name":"wp","href":"https:\/\/api.w.org\/{rel}","templated":true}]}}